{"id":1835,"date":"2019-01-31T17:09:53","date_gmt":"2019-01-31T16:09:53","guid":{"rendered":"https:\/\/creativeengineering.dk\/artprojects\/"},"modified":"2019-01-31T17:12:34","modified_gmt":"2019-01-31T16:12:34","slug":"artprojects","status":"publish","type":"page","link":"https:\/\/creativeengineering.dk\/en\/artprojects\/","title":{"rendered":"Artprojects"},"content":{"rendered":"[et_pb_section fb_built=&#8221;1&#8243; _builder_version=&#8221;3.19.4&#8243; background_color=&#8221;rgba(12,113,195,0.07)&#8221;][et_pb_row _builder_version=&#8221;3.19.4&#8243; background_size=&#8221;initial&#8221; background_position=&#8221;top_left&#8221; background_repeat=&#8221;repeat&#8221;][et_pb_column type=&#8221;4_4&#8243; _builder_version=&#8221;3.0.47&#8243; parallax=&#8221;off&#8221; parallax_method=&#8221;on&#8221;][et_pb_text _builder_version=&#8221;3.0.93&#8243;]\r\n<h1>BilledKunst<\/h1>\r\n[\/et_pb_text][et_pb_text _builder_version=&#8221;3.19.4&#8243;]\r\n\r\nkunstprojekter artporjects &#8211; Jeg har kreeret billedkunst siden 2016. Jeg arbejder b\u00e5de med Akryl og Olie. De \u00f8verste billeder i galleriet her er lavet med en egen udviklet speciel teknisk. Her fylder jeg oliefarve i spr\u00f8jter og ved hj\u00e6lp af en kanyle n\u00e6rmest &#8220;tegner&#8221; med oliefarve. Den videre udvikling har medf\u00f8rt at jeg selv har udviklet et emne der ved et mekanisk hjul samt tandhjul. Denne konstruktion presser oliefarven ud af kanylen og derved bliver h\u00e5ndteringen meget nemmere. Igen var det et teknisk problem jeg ved kreativitet kunne l\u00f8se, og ved hj\u00e6lp af min egen 3D printer kunne producere nogle emner der l\u00f8bende finetunes.\r\n\r\n[\/et_pb_text][et_pb_gallery gallery_ids=&#8221;1472,1475,1218,1224,1212,1214,1230,1242,1256,1254,1206,1208,1210,1204,1228,1232,1252,1250,1248,1246,1244,1240,1238,1236,1234,1226,1202,1200,1198&#8243; posts_number=&#8221;100&#8243; show_title_and_caption=&#8221;off&#8221; zoom_icon_color=&#8221;#2ea3f2&#8243; _builder_version=&#8221;3.19.4&#8243; title_font=&#8221;||||||||&#8221; caption_font=&#8221;||||||||&#8221; pagination_font_size_tablet=&#8221;51&#8243; pagination_line_height_tablet=&#8221;2&#8243; border_radii_image=&#8221;on|4px|4px|4px|4px&#8221; text_orientation=&#8221;left&#8221;][\/et_pb_gallery][\/et_pb_column][\/et_pb_row][\/et_pb_section]","protected":false},"excerpt":{"rendered":"","protected":false},"author":3,"featured_media":0,"parent":0,"menu_order":0,"comment_status":"closed","ping_status":"closed","template":"","meta":{"_bbp_topic_count":0,"_bbp_reply_count":0,"_bbp_total_topic_count":0,"_bbp_total_reply_count":0,"_bbp_voice_count":0,"_bbp_anonymous_reply_count":0,"_bbp_topic_count_hidden":0,"_bbp_reply_count_hidden":0,"_bbp_forum_subforum_count":0,"_et_pb_use_builder":"on","_et_pb_old_content":"","_et_gb_content_width":"","inline_featured_image":false,"footnotes":""},"class_list":["post-1835","page","type-page","status-publish","hentry"],"yoast_head":"<!-- This site is optimized with the Yoast SEO plugin v25.3.1 - https:\/\/yoast.com\/wordpress\/plugins\/seo\/ -->\n<title>Artprojects - Creative Engineering<\/title>\n<meta name=\"robots\" content=\"index, follow, max-snippet:-1, max-image-preview:large, max-video-preview:-1\" \/>\n<link rel=\"canonical\" href=\"https:\/\/creativeengineering.dk\/en\/artprojects\/\" \/>\n<meta property=\"og:locale\" content=\"en_US\" \/>\n<meta property=\"og:type\" content=\"article\" \/>\n<meta property=\"og:title\" content=\"Artprojects - Creative Engineering\" \/>\n<meta property=\"og:url\" content=\"https:\/\/creativeengineering.dk\/en\/artprojects\/\" \/>\n<meta property=\"og:site_name\" content=\"Creative Engineering\" \/>\n<meta property=\"article:modified_time\" content=\"2019-01-31T16:12:34+00:00\" \/>\n<meta name=\"twitter:card\" content=\"summary_large_image\" \/>\n<meta name=\"twitter:label1\" content=\"Est. reading time\" \/>\n\t<meta name=\"twitter:data1\" content=\"1 minute\" \/>\n<script type=\"application\/ld+json\" class=\"yoast-schema-graph\">{\"@context\":\"https:\/\/schema.org\",\"@graph\":[{\"@type\":\"WebPage\",\"@id\":\"https:\/\/creativeengineering.dk\/en\/artprojects\/\",\"url\":\"https:\/\/creativeengineering.dk\/en\/artprojects\/\",\"name\":\"Artprojects - Creative Engineering\",\"isPartOf\":{\"@id\":\"https:\/\/creativeengineering.dk\/#website\"},\"datePublished\":\"2019-01-31T16:09:53+00:00\",\"dateModified\":\"2019-01-31T16:12:34+00:00\",\"breadcrumb\":{\"@id\":\"https:\/\/creativeengineering.dk\/en\/artprojects\/#breadcrumb\"},\"inLanguage\":\"en-US\",\"potentialAction\":[{\"@type\":\"ReadAction\",\"target\":[\"https:\/\/creativeengineering.dk\/en\/artprojects\/\"]}]},{\"@type\":\"BreadcrumbList\",\"@id\":\"https:\/\/creativeengineering.dk\/en\/artprojects\/#breadcrumb\",\"itemListElement\":[{\"@type\":\"ListItem\",\"position\":1,\"name\":\"Hjem\",\"item\":\"https:\/\/creativeengineering.dk\/en\/\"},{\"@type\":\"ListItem\",\"position\":2,\"name\":\"Artprojects\"}]},{\"@type\":\"WebSite\",\"@id\":\"https:\/\/creativeengineering.dk\/#website\",\"url\":\"https:\/\/creativeengineering.dk\/\",\"name\":\"Creative Engineering\",\"description\":\"Fyn\",\"potentialAction\":[{\"@type\":\"SearchAction\",\"target\":{\"@type\":\"EntryPoint\",\"urlTemplate\":\"https:\/\/creativeengineering.dk\/?s={search_term_string}\"},\"query-input\":{\"@type\":\"PropertyValueSpecification\",\"valueRequired\":true,\"valueName\":\"search_term_string\"}}],\"inLanguage\":\"en-US\"}]}<\/script>\n<!-- \/ Yoast SEO plugin. -->","yoast_head_json":{"title":"Artprojects - Creative Engineering","robots":{"index":"index","follow":"follow","max-snippet":"max-snippet:-1","max-image-preview":"max-image-preview:large","max-video-preview":"max-video-preview:-1"},"canonical":"https:\/\/creativeengineering.dk\/en\/artprojects\/","og_locale":"en_US","og_type":"article","og_title":"Artprojects - Creative Engineering","og_url":"https:\/\/creativeengineering.dk\/en\/artprojects\/","og_site_name":"Creative Engineering","article_modified_time":"2019-01-31T16:12:34+00:00","twitter_card":"summary_large_image","twitter_misc":{"Est. reading time":"1 minute"},"schema":{"@context":"https:\/\/schema.org","@graph":[{"@type":"WebPage","@id":"https:\/\/creativeengineering.dk\/en\/artprojects\/","url":"https:\/\/creativeengineering.dk\/en\/artprojects\/","name":"Artprojects - Creative Engineering","isPartOf":{"@id":"https:\/\/creativeengineering.dk\/#website"},"datePublished":"2019-01-31T16:09:53+00:00","dateModified":"2019-01-31T16:12:34+00:00","breadcrumb":{"@id":"https:\/\/creativeengineering.dk\/en\/artprojects\/#breadcrumb"},"inLanguage":"en-US","potentialAction":[{"@type":"ReadAction","target":["https:\/\/creativeengineering.dk\/en\/artprojects\/"]}]},{"@type":"BreadcrumbList","@id":"https:\/\/creativeengineering.dk\/en\/artprojects\/#breadcrumb","itemListElement":[{"@type":"ListItem","position":1,"name":"Hjem","item":"https:\/\/creativeengineering.dk\/en\/"},{"@type":"ListItem","position":2,"name":"Artprojects"}]},{"@type":"WebSite","@id":"https:\/\/creativeengineering.dk\/#website","url":"https:\/\/creativeengineering.dk\/","name":"Creative Engineering","description":"Fyn","potentialAction":[{"@type":"SearchAction","target":{"@type":"EntryPoint","urlTemplate":"https:\/\/creativeengineering.dk\/?s={search_term_string}"},"query-input":{"@type":"PropertyValueSpecification","valueRequired":true,"valueName":"search_term_string"}}],"inLanguage":"en-US"}]}},"_links":{"self":[{"href":"https:\/\/creativeengineering.dk\/en\/wp-json\/wp\/v2\/pages\/1835","targetHints":{"allow":["GET"]}}],"collection":[{"href":"https:\/\/creativeengineering.dk\/en\/wp-json\/wp\/v2\/pages"}],"about":[{"href":"https:\/\/creativeengineering.dk\/en\/wp-json\/wp\/v2\/types\/page"}],"author":[{"embeddable":true,"href":"https:\/\/creativeengineering.dk\/en\/wp-json\/wp\/v2\/users\/3"}],"replies":[{"embeddable":true,"href":"https:\/\/creativeengineering.dk\/en\/wp-json\/wp\/v2\/comments?post=1835"}],"version-history":[{"count":5,"href":"https:\/\/creativeengineering.dk\/en\/wp-json\/wp\/v2\/pages\/1835\/revisions"}],"predecessor-version":[{"id":1847,"href":"https:\/\/creativeengineering.dk\/en\/wp-json\/wp\/v2\/pages\/1835\/revisions\/1847"}],"wp:attachment":[{"href":"https:\/\/creativeengineering.dk\/en\/wp-json\/wp\/v2\/media?parent=1835"}],"curies":[{"name":"wp","href":"https:\/\/api.w.org\/{rel}","templated":true}]}}